{"id":1492,"date":"2019-09-30T10:36:46","date_gmt":"2019-09-30T13:36:46","guid":{"rendered":"http:\/\/gnugraf.org\/2019\/?page_id=1492"},"modified":"2019-09-30T11:40:25","modified_gmt":"2019-09-30T14:40:25","slug":"final-do-evento-2","status":"publish","type":"page","link":"http:\/\/gnugraf.org\/2019\/","title":{"rendered":"Final do Evento"},"content":{"rendered":"\t\t<div data-elementor-type=\"wp-page\" data-elementor-id=\"1492\" class=\"elementor elementor-1492\">\n\t\t\t\t\t\t<section class=\"elementor-section elementor-top-section elementor-element elementor-element-290e78c0 elementor-section-boxed elementor-section-height-default elementor-section-height-default\" data-id=\"290e78c0\" data-element_type=\"section\" data-e-type=\"section\" data-settings=\"{&quot;background_background&quot;:&quot;classic&quot;}\">\n\t\t\t\t\t\t<div class=\"elementor-container elementor-column-gap-default\">\n\t\t\t\t\t<div class=\"elementor-column elementor-col-100 elementor-top-column elementor-element elementor-element-5d35b76\" data-id=\"5d35b76\" data-element_type=\"column\" data-e-type=\"column\">\n\t\t\t<div class=\"elementor-widget-wrap elementor-element-populated\">\n\t\t\t\t\t\t<div class=\"elementor-element elementor-element-92bbfda elementor-widget elementor-widget-heading\" data-id=\"92bbfda\" data-element_type=\"widget\" data-e-type=\"widget\" data-widget_type=\"heading.default\">\n\t\t\t\t\t<h2 class=\"elementor-heading-title elementor-size-default\">O GNUGRAF agradece a todos que tornaram esta edi\u00e7\u00e3o poss\u00edvel. <br><br>Aos palestrantes que abrilhantaram o evento.<br> <br>A equipe de apoio que sem eles nada funcionaria a contento.<br><br>Principalmente ao p\u00fablico, pois sem voc\u00eas o evento n\u00e3o teria a for\u00e7a que tem!<br><br>At\u00e9 o ano que vem!<br><br>GNU!<\/h2>\t\t\t\t<\/div>\n\t\t\t\t\t<\/div>\n\t\t<\/div>\n\t\t\t\t\t<\/div>\n\t\t<\/section>\n\t\t\t\t<\/div>\n\t\t","protected":false},"excerpt":{"rendered":"<p>O GNUGRAF agradece a todos que tornaram esta edi\u00e7\u00e3o poss\u00edvel. Aos palestrantes que abrilhantaram o evento. A equipe de apoio que sem eles nada funcionaria a contento. Principalmente ao p\u00fablico, pois sem voc\u00eas o evento n\u00e3o teria a for\u00e7a que tem! At\u00e9 o ano que vem! GNU!<\/p>\n","protected":false},"author":1,"featured_media":1479,"parent":0,"menu_order":0,"comment_status":"closed","ping_status":"closed","template":"","meta":{"inline_featured_image":false,"_themeisle_gutenberg_block_has_review":false,"footnotes":""},"class_list":["post-1492","page","type-page","status-publish","has-post-thumbnail","hentry"],"jetpack_sharing_enabled":true,"jetpack_shortlink":"https:\/\/wp.me\/PayVNn-o4","jetpack_likes_enabled":true,"_links":{"self":[{"href":"http:\/\/gnugraf.org\/2019\/wp-json\/wp\/v2\/pages\/1492","targetHints":{"allow":["GET"]}}],"collection":[{"href":"http:\/\/gnugraf.org\/2019\/wp-json\/wp\/v2\/pages"}],"about":[{"href":"http:\/\/gnugraf.org\/2019\/wp-json\/wp\/v2\/types\/page"}],"author":[{"embeddable":true,"href":"http:\/\/gnugraf.org\/2019\/wp-json\/wp\/v2\/users\/1"}],"replies":[{"embeddable":true,"href":"http:\/\/gnugraf.org\/2019\/wp-json\/wp\/v2\/comments?post=1492"}],"version-history":[{"count":8,"href":"http:\/\/gnugraf.org\/2019\/wp-json\/wp\/v2\/pages\/1492\/revisions"}],"predecessor-version":[{"id":1502,"href":"http:\/\/gnugraf.org\/2019\/wp-json\/wp\/v2\/pages\/1492\/revisions\/1502"}],"wp:featuredmedia":[{"embeddable":true,"href":"http:\/\/gnugraf.org\/2019\/wp-json\/wp\/v2\/media\/1479"}],"wp:attachment":[{"href":"http:\/\/gnugraf.org\/2019\/wp-json\/wp\/v2\/media?parent=1492"}],"curies":[{"name":"wp","href":"https:\/\/api.w.org\/{rel}","templated":true}]}}