{"id":74,"date":"2022-05-22T10:33:14","date_gmt":"2022-05-22T13:33:14","guid":{"rendered":"https:\/\/gnugraf.org\/2022\/?page_id=74"},"modified":"2022-05-22T10:33:14","modified_gmt":"2022-05-22T13:33:14","slug":"local","status":"publish","type":"page","link":"https:\/\/gnugraf.org\/2022\/local\/","title":{"rendered":"Local"},"content":{"rendered":"\n<h2 class=\"wp-block-heading\"><strong>Instituto T\u00e9rcio Pacitti de Aplica\u00e7\u00f5es e Pesquisas Computacionais<\/strong> <strong>&#8211; UFRJ<\/strong><\/h2>\n\n\n\n<p>Avenida Athos da Silveira Ramos, 274 Blocos C e E &#8211; Cidade Universit\u00e1ria da Universidade Federal do Rio de Janeiro, Rio de Janeiro &#8211; RJ<\/p>\n\n\n\n<iframe loading=\"lazy\" scrolling=\"no\" marginheight=\"0\" marginwidth=\"0\" src=\"https:\/\/www.openstreetmap.org\/export\/embed.html?bbox=-43.234505653381355%2C-22.858472507437618%2C-43.2309651374817%2C-22.856211004247882&amp;layer=mapnik\" style=\"border: 1px solid black\" width=\"425\" height=\"350\" frameborder=\"0\"><\/iframe><br><small><a href=\"https:\/\/www.openstreetmap.org\/#map=19\/-22.85734\/-43.23274\">Ver mapa ampliado<\/a><\/small>\n","protected":false},"excerpt":{"rendered":"<p>Instituto T\u00e9rcio Pacitti de Aplica\u00e7\u00f5es e Pesquisas Computacionais &#8211; UFRJ Avenida Athos da Silveira Ramos, 274 Blocos C e E &#8211; Cidade Universit\u00e1ria da Universidade Federal do Rio de Janeiro, Rio de Janeiro &#8211;&#46;&#46;&#46;<\/p>\n","protected":false},"author":1,"featured_media":61,"parent":0,"menu_order":0,"comment_status":"closed","ping_status":"closed","template":"","meta":{"inline_featured_image":false,"footnotes":""},"class_list":["post-74","page","type-page","status-publish","has-post-thumbnail","hentry"],"jetpack_sharing_enabled":true,"_links":{"self":[{"href":"https:\/\/gnugraf.org\/2022\/wp-json\/wp\/v2\/pages\/74","targetHints":{"allow":["GET"]}}],"collection":[{"href":"https:\/\/gnugraf.org\/2022\/wp-json\/wp\/v2\/pages"}],"about":[{"href":"https:\/\/gnugraf.org\/2022\/wp-json\/wp\/v2\/types\/page"}],"author":[{"embeddable":true,"href":"https:\/\/gnugraf.org\/2022\/wp-json\/wp\/v2\/users\/1"}],"replies":[{"embeddable":true,"href":"https:\/\/gnugraf.org\/2022\/wp-json\/wp\/v2\/comments?post=74"}],"version-history":[{"count":1,"href":"https:\/\/gnugraf.org\/2022\/wp-json\/wp\/v2\/pages\/74\/revisions"}],"predecessor-version":[{"id":75,"href":"https:\/\/gnugraf.org\/2022\/wp-json\/wp\/v2\/pages\/74\/revisions\/75"}],"wp:featuredmedia":[{"embeddable":true,"href":"https:\/\/gnugraf.org\/2022\/wp-json\/wp\/v2\/media\/61"}],"wp:attachment":[{"href":"https:\/\/gnugraf.org\/2022\/wp-json\/wp\/v2\/media?parent=74"}],"curies":[{"name":"wp","href":"https:\/\/api.w.org\/{rel}","templated":true}]}}