{"id":9,"date":"2021-10-02T12:34:03","date_gmt":"2021-10-02T15:34:03","guid":{"rendered":"https:\/\/gnugraf.org\/2022\/?page_id=9"},"modified":"2022-05-22T10:08:11","modified_gmt":"2022-05-22T13:08:11","slug":"sobre","status":"publish","type":"page","link":"https:\/\/gnugraf.org\/2022\/sobre\/","title":{"rendered":"O Evento"},"content":{"rendered":"\n<p>Para quem ainda n\u00e3o conhece o <strong>GNUGRAF<\/strong>, \u00e9 o <strong>primeiro evento de computa\u00e7\u00e3o gr\u00e1fica com software livre do Brasil<\/strong>. O evento \u00e9 totalmente direcionado para profissionais da \u00e1rea de <strong>\u00c1udio, Anima\u00e7\u00e3o, V\u00eddeo, Produ\u00e7\u00e3o Gr\u00e1fica e Design de Jogos<\/strong>.<\/p>\n\n\n\n<p>Uma das filosofias do <strong>GNUGRAF<\/strong> \u00e9 dar a oportunidade aos<strong> profissionais dessas \u00e1reas<\/strong>, demostrarem seus trabalhos, interagir com o p\u00fablico e trocar experi\u00eancias com outros profissionais.<\/p>\n\n\n\n<p>A estrutura do evento conta com <strong>16 palestras e 12 minicursos ministrados em 2 dias tudo de gra\u00e7a para o p\u00fablico<\/strong>.<\/p>\n\n\n\n<p><strong>Miss\u00e3o:<\/strong><\/p>\n\n\n\n<ul class=\"wp-block-list\"><li>Mostrar ao mercado que \u00e9 <strong>poss\u00edvel produzir conte\u00fado multim\u00eddia de qualidade utilizando somente software livre em todo o processo<\/strong>.<\/li><\/ul>\n\n\n\n<ul class=\"wp-block-list\"><li>Fazer com que <strong>cada vez mais pessoas possam ter acesso a este tipo de conhecimento<\/strong> sem que com isto precisem investir quantidades exorbitantes em softwares ou ca\u00edrem na ilegalidade.<\/li><\/ul>\n\n\n\n<ul class=\"wp-block-list\"><li>Estreitar la\u00e7os entre <strong>profissionais da \u00e1rea, p\u00fablico e empresas<\/strong> para que o desenvolvimento desses softwares cres\u00e7a exponencialmente.<\/li><\/ul>\n","protected":false},"excerpt":{"rendered":"<p>Para quem ainda n\u00e3o conhece o GNUGRAF, \u00e9 o primeiro evento de computa\u00e7\u00e3o gr\u00e1fica com software livre do Brasil. O evento \u00e9 totalmente direcionado para profissionais da \u00e1rea de \u00c1udio, Anima\u00e7\u00e3o, V\u00eddeo, Produ\u00e7\u00e3o Gr\u00e1fica&#46;&#46;&#46;<\/p>\n","protected":false},"author":1,"featured_media":68,"parent":0,"menu_order":0,"comment_status":"closed","ping_status":"closed","template":"","meta":{"inline_featured_image":false,"footnotes":""},"class_list":["post-9","page","type-page","status-publish","has-post-thumbnail","hentry"],"jetpack_sharing_enabled":true,"_links":{"self":[{"href":"https:\/\/gnugraf.org\/2022\/wp-json\/wp\/v2\/pages\/9","targetHints":{"allow":["GET"]}}],"collection":[{"href":"https:\/\/gnugraf.org\/2022\/wp-json\/wp\/v2\/pages"}],"about":[{"href":"https:\/\/gnugraf.org\/2022\/wp-json\/wp\/v2\/types\/page"}],"author":[{"embeddable":true,"href":"https:\/\/gnugraf.org\/2022\/wp-json\/wp\/v2\/users\/1"}],"replies":[{"embeddable":true,"href":"https:\/\/gnugraf.org\/2022\/wp-json\/wp\/v2\/comments?post=9"}],"version-history":[{"count":2,"href":"https:\/\/gnugraf.org\/2022\/wp-json\/wp\/v2\/pages\/9\/revisions"}],"predecessor-version":[{"id":69,"href":"https:\/\/gnugraf.org\/2022\/wp-json\/wp\/v2\/pages\/9\/revisions\/69"}],"wp:featuredmedia":[{"embeddable":true,"href":"https:\/\/gnugraf.org\/2022\/wp-json\/wp\/v2\/media\/68"}],"wp:attachment":[{"href":"https:\/\/gnugraf.org\/2022\/wp-json\/wp\/v2\/media?parent=9"}],"curies":[{"name":"wp","href":"https:\/\/api.w.org\/{rel}","templated":true}]}}