{"id":172,"date":"2023-09-16T11:49:52","date_gmt":"2023-09-16T14:49:52","guid":{"rendered":"https:\/\/gnugraf.org\/2023\/?page_id=172"},"modified":"2023-09-16T12:39:51","modified_gmt":"2023-09-16T15:39:51","slug":"inscricoes","status":"publish","type":"page","link":"https:\/\/gnugraf.org\/2023\/inscricoes\/","title":{"rendered":"Inscri\u00e7\u00f5es"},"content":{"rendered":"\n<p>A inscri\u00e7\u00e3o no evento n\u00e3o \u00e9 obrigat\u00f3ria, caso queira participar, basta comparecer nos dias. Mas se precisar de um certificado de participa\u00e7\u00e3o, basta clicar nos links abaixo para preencher o formul\u00e1rio.<\/p>\n\n\n\n<script src=\"https:\/\/doity.com.br\/js\/box_inscricao.js\" type=\"text\/javascript\"><\/script>\n            <iframe scrolling=\"0\"\n                       id=\"iframe-inscricao\"\n                       onload=\"iframeResizer(event)\"\n                       style=\"width: 100%;height: 1200px;border: none;\"\n                       src=\"https:\/\/doity.com.br\/gnugraf-2019-54784-20210822132146-145441-20220824114006-176620-20230916104813\/passo1?box=1\">\n            <\/iframe>\n\n\n\n<div class=\"wp-block-buttons is-layout-flex wp-block-buttons-is-layout-flex\">\n<div class=\"wp-block-button\"><a class=\"wp-block-button__link wp-element-button\" href=\"https:\/\/doity.com.br\/gnugraf-2019-54784-20210822132146-145441-20220824114006-176620-20230916104813\">Caso n\u00e3o consiga fazer a inscri\u00e7\u00e3o, clique aqui<\/a><\/div>\n<\/div>\n","protected":false},"excerpt":{"rendered":"<p>A inscri\u00e7\u00e3o no evento n\u00e3o \u00e9 obrigat\u00f3ria, caso queira participar, basta comparecer nos dias. Mas se precisar de um certificado de participa\u00e7\u00e3o, basta clicar nos links abaixo para preencher o formul\u00e1rio.<\/p>\n","protected":false},"author":1,"featured_media":0,"parent":0,"menu_order":0,"comment_status":"closed","ping_status":"closed","template":"","meta":{"inline_featured_image":false,"footnotes":""},"class_list":["post-172","page","type-page","status-publish","hentry"],"jetpack_sharing_enabled":true,"_links":{"self":[{"href":"https:\/\/gnugraf.org\/2023\/wp-json\/wp\/v2\/pages\/172","targetHints":{"allow":["GET"]}}],"collection":[{"href":"https:\/\/gnugraf.org\/2023\/wp-json\/wp\/v2\/pages"}],"about":[{"href":"https:\/\/gnugraf.org\/2023\/wp-json\/wp\/v2\/types\/page"}],"author":[{"embeddable":true,"href":"https:\/\/gnugraf.org\/2023\/wp-json\/wp\/v2\/users\/1"}],"replies":[{"embeddable":true,"href":"https:\/\/gnugraf.org\/2023\/wp-json\/wp\/v2\/comments?post=172"}],"version-history":[{"count":6,"href":"https:\/\/gnugraf.org\/2023\/wp-json\/wp\/v2\/pages\/172\/revisions"}],"predecessor-version":[{"id":187,"href":"https:\/\/gnugraf.org\/2023\/wp-json\/wp\/v2\/pages\/172\/revisions\/187"}],"wp:attachment":[{"href":"https:\/\/gnugraf.org\/2023\/wp-json\/wp\/v2\/media?parent=172"}],"curies":[{"name":"wp","href":"https:\/\/api.w.org\/{rel}","templated":true}]}}